{"id":494,"date":"2017-02-21T23:30:42","date_gmt":"2017-02-22T03:30:42","guid":{"rendered":"http:\/\/gadrosaflorida.gob.ec\/sucumbios\/?page_id=494"},"modified":"2020-03-05T06:50:49","modified_gmt":"2020-03-05T10:50:49","slug":"rendicion-de-cuentas-2017","status":"publish","type":"page","link":"https:\/\/cumbe.gob.ec\/azuay\/rendicion-de-cuentas-2017\/","title":{"rendered":"Rendici\u00f3n de Cuentas 2017"},"content":{"rendered":"<div class=\"enigma_blog_full\">\n<div class=\"enigma_blog_post_content\">\n<p>Aqu\u00ed podr\u00e1 encontrar los respaldos para el proceso de rendici\u00f3n de cuentas 2017<\/p>\n<p><a href=\"http:\/\/www.netsolutionrfid.net\/netcum\/wp-content\/uploads\/2018\/04\/firmasasamblea.pdf\">firmasasamblea<\/a><\/p>\n<p><a href=\"http:\/\/www.netsolutionrfid.net\/netcum\/wp-content\/uploads\/2018\/04\/entregainformacioncomunidad.pdf\">entregainformacioncomunidad<\/a><\/p>\n<p><a href=\"http:\/\/www.netsolutionrfid.net\/netcum\/wp-content\/uploads\/2018\/04\/actaequipomixto.pdf\">actaequipomixto<\/a><\/p>\n<p><a href=\"http:\/\/www.netsolutionrfid.net\/netcum\/wp-content\/uploads\/2018\/04\/convocatoriarendicioncuentas2017.pdf\">convocatoriarendicioncuentas2017<\/a><\/p>\n<p><a href=\"http:\/\/www.netsolutionrfid.net\/netcum\/wp-content\/uploads\/2018\/04\/firmasasmblearendiconcuentas2017.pdf\">firmasasmblearendiconcuentas2017<\/a><\/p>\n<p><a href=\"http:\/\/www.netsolutionrfid.net\/netcum\/wp-content\/uploads\/2018\/04\/ejecusionpresupuestaria2017.pdf\">ejecusionpresupuestaria2017<\/a><\/p>\n<p><a href=\"http:\/\/www.netsolutionrfid.net\/netcum\/wp-content\/uploads\/2018\/04\/poa2017.pdf\">poa2017<\/a><\/p>\n<p><a href=\"http:\/\/www.netsolutionrfid.net\/netcum\/wp-content\/uploads\/2018\/04\/rendiciondecuentasrevista.pdf\">rendiciondecuentasrevista<\/a><\/p>\n<p><a href=\"http:\/\/www.netsolutionrfid.net\/netcum\/wp-content\/uploads\/2018\/04\/FORMULARIO-CPCCS2017-CUMBE-1.pdf\">FORMULARIO-CPCCS2017 CUMBE<\/a><\/p>\n<\/div>\n<\/div>\n<div class=\"push-right\"><\/div>\n","protected":false},"excerpt":{"rendered":"<p>Aqu\u00ed podr\u00e1 encontrar los respaldos para el proceso de rendici\u00f3n de cuentas 2017 firmasasamblea entregainformacioncomunidad actaequipomixto convocatoriarendicioncuentas2017 firmasasmblearendiconcuentas2017 ejecusionpresupuestaria2017 poa2017 rendiciondecuentasrevista FORMULARIO-CPCCS2017 CUMBE<\/p>\n","protected":false},"author":4,"featured_media":0,"parent":0,"menu_order":0,"comment_status":"closed","ping_status":"closed","template":"","meta":{"footnotes":""},"class_list":["post-494","page","type-page","status-publish","hentry"],"_links":{"self":[{"href":"https:\/\/cumbe.gob.ec\/azuay\/wp-json\/wp\/v2\/pages\/494","targetHints":{"allow":["GET"]}}],"collection":[{"href":"https:\/\/cumbe.gob.ec\/azuay\/wp-json\/wp\/v2\/pages"}],"about":[{"href":"https:\/\/cumbe.gob.ec\/azuay\/wp-json\/wp\/v2\/types\/page"}],"author":[{"embeddable":true,"href":"https:\/\/cumbe.gob.ec\/azuay\/wp-json\/wp\/v2\/users\/4"}],"replies":[{"embeddable":true,"href":"https:\/\/cumbe.gob.ec\/azuay\/wp-json\/wp\/v2\/comments?post=494"}],"version-history":[{"count":0,"href":"https:\/\/cumbe.gob.ec\/azuay\/wp-json\/wp\/v2\/pages\/494\/revisions"}],"wp:attachment":[{"href":"https:\/\/cumbe.gob.ec\/azuay\/wp-json\/wp\/v2\/media?parent=494"}],"curies":[{"name":"wp","href":"https:\/\/api.w.org\/{rel}","templated":true}]}}