{"id":456,"date":"2016-02-17T12:51:37","date_gmt":"2016-02-17T16:51:37","guid":{"rendered":"http:\/\/gadrosaflorida.gob.ec\/sucumbios\/?page_id=456"},"modified":"2020-03-05T06:49:25","modified_gmt":"2020-03-05T10:49:25","slug":"rendicion-de-cuentas-2016","status":"publish","type":"page","link":"https:\/\/cumbe.gob.ec\/azuay\/rendicion-de-cuentas-2016\/","title":{"rendered":"Rendici\u00f3n de Cuentas 2016"},"content":{"rendered":"<p>Aqu\u00ed podr\u00e1 encontrar los respaldos para el proceso de rendici\u00f3n de cuentas 2016<\/p>\n<p><a href=\"http:\/\/www.netsolutionrfid.net\/netcum\/wp-content\/uploads\/2017\/06\/firmas-asamblea.pdf\">firmas asamblea<\/a><\/p>\n<p><a href=\"http:\/\/www.netsolutionrfid.net\/netcum\/wp-content\/uploads\/2017\/06\/solicitud-informacion-2016-1.pdf\">solicitud informacion 2016<\/a><\/p>\n<p><a href=\"http:\/\/www.netsolutionrfid.net\/netcum\/wp-content\/uploads\/2017\/06\/acta-rendicion-1.pdf\">acta rendicion<\/a><\/p>\n<p><a href=\"http:\/\/www.netsolutionrfid.net\/netcum\/wp-content\/uploads\/2017\/06\/formulario-CPCCS-2016.pdf\">formulario CPCCS 2016<\/a><\/p>\n","protected":false},"excerpt":{"rendered":"<p>Aqu\u00ed podr\u00e1 encontrar los respaldos para el proceso de rendici\u00f3n de cuentas 2016 firmas asamblea solicitud informacion 2016 acta rendicion formulario CPCCS 2016<\/p>\n","protected":false},"author":4,"featured_media":0,"parent":0,"menu_order":0,"comment_status":"closed","ping_status":"closed","template":"","meta":{"footnotes":""},"class_list":["post-456","page","type-page","status-publish","hentry"],"_links":{"self":[{"href":"https:\/\/cumbe.gob.ec\/azuay\/wp-json\/wp\/v2\/pages\/456","targetHints":{"allow":["GET"]}}],"collection":[{"href":"https:\/\/cumbe.gob.ec\/azuay\/wp-json\/wp\/v2\/pages"}],"about":[{"href":"https:\/\/cumbe.gob.ec\/azuay\/wp-json\/wp\/v2\/types\/page"}],"author":[{"embeddable":true,"href":"https:\/\/cumbe.gob.ec\/azuay\/wp-json\/wp\/v2\/users\/4"}],"replies":[{"embeddable":true,"href":"https:\/\/cumbe.gob.ec\/azuay\/wp-json\/wp\/v2\/comments?post=456"}],"version-history":[{"count":0,"href":"https:\/\/cumbe.gob.ec\/azuay\/wp-json\/wp\/v2\/pages\/456\/revisions"}],"wp:attachment":[{"href":"https:\/\/cumbe.gob.ec\/azuay\/wp-json\/wp\/v2\/media?parent=456"}],"curies":[{"name":"wp","href":"https:\/\/api.w.org\/{rel}","templated":true}]}}