{"id":2559,"date":"2022-12-31T10:26:27","date_gmt":"2022-12-31T14:26:27","guid":{"rendered":"https:\/\/cumbe.gob.ec\/azuay\/?page_id=2559"},"modified":"2025-07-22T12:30:46","modified_gmt":"2025-07-22T16:30:46","slug":"rendicion-de-cuentas-2023","status":"publish","type":"page","link":"https:\/\/cumbe.gob.ec\/azuay\/rendicion-de-cuentas-2023\/","title":{"rendered":"Rendici\u00f3n de Cuentas 2023"},"content":{"rendered":"\t\t<div data-elementor-type=\"wp-page\" data-elementor-id=\"2559\" class=\"elementor elementor-2559\" data-elementor-settings=\"[]\">\n\t\t\t<div class=\"elementor-inner\">\n\t\t\t\t<div class=\"elementor-section-wrap\">\n\t\t\t\t\t\t\t<section class=\"elementor-element elementor-element-b554a69 elementor-section-boxed elementor-section-height-default elementor-section-height-default elementor-section elementor-top-section\" data-id=\"b554a69\" data-element_type=\"section\">\n\t\t\t\t\t\t<div class=\"elementor-container elementor-column-gap-default\">\n\t\t\t\t<div class=\"elementor-row\">\n\t\t\t\t<div class=\"elementor-element elementor-element-d8c12d7 elementor-column elementor-col-100 elementor-top-column\" data-id=\"d8c12d7\" data-element_type=\"column\">\n\t\t\t<div class=\"elementor-column-wrap  elementor-element-populated\">\n\t\t\t\t\t<div class=\"elementor-widget-wrap\">\n\t\t\t\t<div class=\"elementor-element elementor-element-bcf51ba elementor-widget elementor-widget-heading\" data-id=\"bcf51ba\" data-element_type=\"widget\" data-widget_type=\"heading.default\">\n\t\t\t\t<div class=\"elementor-widget-container\">\n\t\t\t<h2 class=\"elementor-heading-title elementor-size-default\">Rendici\u00f3n de Cuentas A\u00f1o Fiscal 2023<\/h2>\t\t<\/div>\n\t\t\t\t<\/div>\n\t\t\t\t\t\t<\/div>\n\t\t\t<\/div>\n\t\t<\/div>\n\t\t\t\t\t\t<\/div>\n\t\t\t<\/div>\n\t\t<\/section>\n\t\t\t\t<section class=\"elementor-element elementor-element-f289ce0 elementor-section-boxed elementor-section-height-default elementor-section-height-default elementor-section elementor-top-section\" data-id=\"f289ce0\" data-element_type=\"section\">\n\t\t\t\t\t\t<div class=\"elementor-container elementor-column-gap-default\">\n\t\t\t\t<div class=\"elementor-row\">\n\t\t\t\t<div class=\"elementor-element elementor-element-4cf9bfd elementor-column elementor-col-100 elementor-top-column\" data-id=\"4cf9bfd\" data-element_type=\"column\">\n\t\t\t<div class=\"elementor-column-wrap  elementor-element-populated\">\n\t\t\t\t\t<div class=\"elementor-widget-wrap\">\n\t\t\t\t<div class=\"elementor-element elementor-element-eabc62a elementor-aspect-ratio-169 elementor-widget elementor-widget-video\" data-id=\"eabc62a\" data-element_type=\"widget\" data-settings=\"{&quot;aspect_ratio&quot;:&quot;169&quot;}\" data-widget_type=\"video.default\">\n\t\t\t\t<div class=\"elementor-widget-container\">\n\t\t\t\t\t<div class=\"elementor-wrapper elementor-fit-aspect-ratio elementor-open-inline\">\n\t\t\t<iframe class=\"elementor-video-iframe\" allowfullscreen title=\"Reproductor de v\u00eddeo youtube\" src=\"https:\/\/www.youtube.com\/embed\/PZ73map-gpo?feature=oembed&amp;start&amp;end&amp;wmode=opaque&amp;loop=0&amp;controls=1&amp;mute=0&amp;rel=0&amp;modestbranding=0\"><\/iframe>\t\t<\/div>\n\t\t\t\t<\/div>\n\t\t\t\t<\/div>\n\t\t\t\t\t\t<\/div>\n\t\t\t<\/div>\n\t\t<\/div>\n\t\t\t\t\t\t<\/div>\n\t\t\t<\/div>\n\t\t<\/section>\n\t\t\t\t<section class=\"elementor-element elementor-element-37304d3 elementor-section-boxed elementor-section-height-default elementor-section-height-default elementor-section elementor-top-section\" data-id=\"37304d3\" data-element_type=\"section\">\n\t\t\t\t\t\t<div class=\"elementor-container elementor-column-gap-default\">\n\t\t\t\t<div class=\"elementor-row\">\n\t\t\t\t<div class=\"elementor-element elementor-element-2299b68 elementor-column elementor-col-50 elementor-top-column\" data-id=\"2299b68\" data-element_type=\"column\">\n\t\t\t<div class=\"elementor-column-wrap  elementor-element-populated\">\n\t\t\t\t\t<div class=\"elementor-widget-wrap\">\n\t\t\t\t<div class=\"elementor-element elementor-element-1c7f946 elementor-widget elementor-widget-image\" data-id=\"1c7f946\" data-element_type=\"widget\" data-widget_type=\"image.default\">\n\t\t\t\t<div class=\"elementor-widget-container\">\n\t\t\t\t\t<div class=\"elementor-image\">\n\t\t\t\t\t\t\t\t\t\t<img loading=\"lazy\" decoding=\"async\" width=\"853\" height=\"1024\" src=\"https:\/\/cumbe.gob.ec\/azuay\/wp-content\/uploads\/2024\/05\/rendicion-de-cuentas-2024_Mesa-de-trabajo-1-853x1024.jpg\" class=\"attachment-large size-large\" alt=\"\" srcset=\"https:\/\/cumbe.gob.ec\/azuay\/wp-content\/uploads\/2024\/05\/rendicion-de-cuentas-2024_Mesa-de-trabajo-1-853x1024.jpg 853w, https:\/\/cumbe.gob.ec\/azuay\/wp-content\/uploads\/2024\/05\/rendicion-de-cuentas-2024_Mesa-de-trabajo-1-550x660.jpg 550w, https:\/\/cumbe.gob.ec\/azuay\/wp-content\/uploads\/2024\/05\/rendicion-de-cuentas-2024_Mesa-de-trabajo-1-768x922.jpg 768w, https:\/\/cumbe.gob.ec\/azuay\/wp-content\/uploads\/2024\/05\/rendicion-de-cuentas-2024_Mesa-de-trabajo-1-1280x1536.jpg 1280w, https:\/\/cumbe.gob.ec\/azuay\/wp-content\/uploads\/2024\/05\/rendicion-de-cuentas-2024_Mesa-de-trabajo-1-1707x2048.jpg 1707w\" sizes=\"auto, (max-width: 853px) 100vw, 853px\" \/>\t\t\t\t\t\t\t\t\t\t\t<\/div>\n\t\t\t\t<\/div>\n\t\t\t\t<\/div>\n\t\t\t\t\t\t<\/div>\n\t\t\t<\/div>\n\t\t<\/div>\n\t\t\t\t<div class=\"elementor-element elementor-element-08235e3 elementor-column elementor-col-50 elementor-top-column\" data-id=\"08235e3\" data-element_type=\"column\">\n\t\t\t<div class=\"elementor-column-wrap  elementor-element-populated\">\n\t\t\t\t\t<div class=\"elementor-widget-wrap\">\n\t\t\t\t<div class=\"elementor-element elementor-element-e95e417 elementor-widget elementor-widget-text-editor\" data-id=\"e95e417\" data-element_type=\"widget\" data-widget_type=\"text-editor.default\">\n\t\t\t\t<div class=\"elementor-widget-container\">\n\t\t\t\t\t<div class=\"elementor-text-editor elementor-clearfix\"><p>Invitaci\u00f3n para la Rendici\u00f3n de Cuentas<\/p><\/div>\n\t\t\t\t<\/div>\n\t\t\t\t<\/div>\n\t\t\t\t\t\t<\/div>\n\t\t\t<\/div>\n\t\t<\/div>\n\t\t\t\t\t\t<\/div>\n\t\t\t<\/div>\n\t\t<\/section>\n\t\t\t\t<section class=\"elementor-element elementor-element-aeda092 elementor-section-boxed elementor-section-height-default elementor-section-height-default elementor-section elementor-top-section\" data-id=\"aeda092\" data-element_type=\"section\">\n\t\t\t\t\t\t<div class=\"elementor-container elementor-column-gap-default\">\n\t\t\t\t<div class=\"elementor-row\">\n\t\t\t\t<div class=\"elementor-element elementor-element-e41f278 elementor-column elementor-col-100 elementor-top-column\" data-id=\"e41f278\" data-element_type=\"column\">\n\t\t\t<div class=\"elementor-column-wrap  elementor-element-populated\">\n\t\t\t\t\t<div class=\"elementor-widget-wrap\">\n\t\t\t\t<div class=\"elementor-element elementor-element-2e55acc elementor-widget elementor-widget-button\" data-id=\"2e55acc\" data-element_type=\"widget\" data-widget_type=\"button.default\">\n\t\t\t\t<div class=\"elementor-widget-container\">\n\t\t\t\t\t<div class=\"elementor-button-wrapper\">\n\t\t\t<a href=\"https:\/\/cumbe.gob.ec\/azuay\/wp-content\/uploads\/2024\/05\/Rendicion-de-Cuentas-Ano-Fiscal-2023.pdf\" class=\"elementor-button-link elementor-button elementor-size-sm\" role=\"button\">\n\t\t\t\t\t\t<span class=\"elementor-button-content-wrapper\">\n\t\t\t\t\t\t<span class=\"elementor-button-text\">Rendici\u00f3n de Cuentas<\/span>\n\t\t<\/span>\n\t\t\t\t\t<\/a>\n\t\t<\/div>\n\t\t\t\t<\/div>\n\t\t\t\t<\/div>\n\t\t\t\t\t\t<\/div>\n\t\t\t<\/div>\n\t\t<\/div>\n\t\t\t\t\t\t<\/div>\n\t\t\t<\/div>\n\t\t<\/section>\n\t\t\t\t<section class=\"elementor-element elementor-element-99a8874 elementor-section-boxed elementor-section-height-default elementor-section-height-default elementor-section elementor-top-section\" data-id=\"99a8874\" data-element_type=\"section\">\n\t\t\t\t\t\t<div class=\"elementor-container elementor-column-gap-default\">\n\t\t\t\t<div class=\"elementor-row\">\n\t\t\t\t<div class=\"elementor-element elementor-element-d226f4b elementor-column elementor-col-100 elementor-top-column\" data-id=\"d226f4b\" data-element_type=\"column\">\n\t\t\t<div class=\"elementor-column-wrap  elementor-element-populated\">\n\t\t\t\t\t<div class=\"elementor-widget-wrap\">\n\t\t\t\t<div class=\"elementor-element elementor-element-09242c8 elementor-widget elementor-widget-text-editor\" data-id=\"09242c8\" data-element_type=\"widget\" data-widget_type=\"text-editor.default\">\n\t\t\t\t<div class=\"elementor-widget-container\">\n\t\t\t\t\t<div class=\"elementor-text-editor elementor-clearfix\"><section class=\"elementor-element elementor-element-5a1c166 elementor-section-boxed elementor-section-height-default elementor-section-height-default elementor-section elementor-top-section\" style=\"color: #333333; font-family: Roboto, Arial, 'Arial Unicode MS', Helvetica, sans-serif;\" data-id=\"5a1c166\" data-element_type=\"section\"><div class=\"elementor-container elementor-column-gap-default\"><div class=\"elementor-row\" style=\"width: 926.773px;\"><div class=\"elementor-element elementor-element-745b8a9 elementor-column elementor-col-100 elementor-top-column\" style=\"width: 926.773px;\" data-id=\"745b8a9\" data-element_type=\"column\"><div class=\"elementor-column-wrap elementor-element-populated\" style=\"width: 926.773px;\"><div class=\"elementor-widget-wrap\" style=\"width: 906.773px;\"><div class=\"elementor-element elementor-element-77b2d8b elementor-widget elementor-widget-text-editor\" style=\"width: 906.773px;\" data-id=\"77b2d8b\" data-element_type=\"widget\" data-widget_type=\"text-editor.default\"><div class=\"elementor-widget-container\"><div class=\"elementor-text-editor elementor-clearfix\"><p>\u00a0CONFORMACI\u00d3N ET\u00a0<\/p><p><a href=\"https:\/\/cumbe.gob.ec\/azuay\/wp-content\/uploads\/2024\/05\/1.-DELEGACION-DEL-EQUIPO-TECNICO-1.pdf\">DELEGACI\u00d3N DE EQUIPO<\/a><\/p><p><a href=\"https:\/\/cumbe.gob.ec\/azuay\/wp-content\/uploads\/2024\/05\/rendicion-de-cuentas-2024_Mesa-de-trabajo-1-scaled.jpg\">INVITACION RENDICION DE CUENTAS\u00a0<\/a><\/p><p>REGISTRO DE ASISTENCIA\u00a0<\/p><p><a href=\"https:\/\/cumbe.gob.ec\/azuay\/wp-content\/uploads\/2024\/05\/4.-INFORME-DE-COMISION-1.pdf\">INFORME DE COMISI\u00d3N\u00a0<\/a><\/p><p><a href=\"https:\/\/cumbe.gob.ec\/azuay\/wp-content\/uploads\/2024\/05\/2.-CONFORMACION-DEL-EQUIPO-MIXTO-1.pdf\">CONFORMACI\u00d3N EQUIPO T\u00c9CNICO<\/a><\/p><p><a href=\"https:\/\/cumbe.gob.ec\/azuay\/wp-content\/uploads\/2024\/05\/Rendicion-de-Cuentas-Ano-Fiscal-2023.pdf\">INFORME RENDICI\u00d3N DE CUENTAS<\/a><\/p><p><a href=\"https:\/\/cumbe.gob.ec\/azuay\/wp-content\/uploads\/2024\/05\/3.-PREGUNTAS-Y-RESPUESTAS-1.pdf\">CONSULTAS Y PREGUNTAS<\/a><\/p><p>\u00cdNFIMAS A\u00f1o 2022<\/p><p>INFORME RENDICI\u00d3N DE CUENTAS 2022 DP<\/p><\/div><\/div><\/div><\/div><\/div><\/div><\/div><\/div><\/section><section class=\"elementor-element elementor-element-849b32f elementor-section-boxed elementor-section-height-default elementor-section-height-default elementor-section elementor-top-section\" style=\"color: #333333; font-family: Roboto, Arial, 'Arial Unicode MS', Helvetica, sans-serif;\" data-id=\"849b32f\" data-element_type=\"section\"><div class=\"elementor-container elementor-column-gap-default\"><div class=\"elementor-row\" style=\"width: 926.773px;\"><div class=\"elementor-element elementor-element-d4cc8cf elementor-column elementor-col-100 elementor-top-column\" style=\"width: 926.773px;\" data-id=\"d4cc8cf\" data-element_type=\"column\"><div class=\"elementor-column-wrap elementor-element-populated\" style=\"width: 926.773px;\"><div class=\"elementor-widget-wrap\" style=\"width: 906.773px;\"><div class=\"elementor-element elementor-element-5ec0bc1 elementor-widget elementor-widget-heading\" style=\"width: 906.773px;\" data-id=\"5ec0bc1\" data-element_type=\"widget\" data-widget_type=\"heading.default\"><div class=\"elementor-widget-container\"><h2 class=\"elementor-heading-title elementor-size-default\" style=\"line-height: 26.4px;\">PRESIDENTE<\/h2><\/div><\/div><\/div><\/div><\/div><\/div><\/div><\/section><section class=\"elementor-element elementor-element-865a801 elementor-section-boxed elementor-section-height-default elementor-section-height-default elementor-section elementor-top-section\" style=\"color: #333333; font-family: Roboto, Arial, 'Arial Unicode MS', Helvetica, sans-serif;\" data-id=\"865a801\" data-element_type=\"section\"><div class=\"elementor-container elementor-column-gap-default\"><div class=\"elementor-row\" style=\"width: 926.773px;\"><div class=\"elementor-element elementor-element-3a3545c elementor-column elementor-col-100 elementor-top-column\" style=\"width: 926.773px;\" data-id=\"3a3545c\" data-element_type=\"column\"><div class=\"elementor-column-wrap elementor-element-populated\" style=\"width: 926.773px;\"><div class=\"elementor-widget-wrap\" style=\"width: 906.773px;\"><div class=\"elementor-element elementor-element-a7d22a3 elementor-widget elementor-widget-text-editor\" style=\"width: 906.773px;\" data-id=\"a7d22a3\" data-element_type=\"widget\" data-widget_type=\"text-editor.default\"><div class=\"elementor-widget-container\"><div class=\"elementor-text-editor elementor-clearfix\"><p><strong><span style=\"font-size: 14pt;\">&#8211; Vocales del GADP Cumbe.<\/span><\/strong><\/p><p><span style=\"font-size: 14pt;\"><b>Sra. Cecilia Culcay<\/b><\/span><\/p><ul><li><a href=\"https:\/\/cumbe.gob.ec\/azuay\/wp-content\/uploads\/2024\/06\/RENDICION-DE-CUENTAS-VOCAL.pdf\">Rendici\u00f3n de Cuentas<\/a><\/li><\/ul><\/div><\/div><\/div><\/div><\/div><\/div><\/div><\/div><\/section><\/div>\n\t\t\t\t<\/div>\n\t\t\t\t<\/div>\n\t\t\t\t\t\t<\/div>\n\t\t\t<\/div>\n\t\t<\/div>\n\t\t\t\t\t\t<\/div>\n\t\t\t<\/div>\n\t\t<\/section>\n\t\t\t\t\t\t<\/div>\n\t\t\t<\/div>\n\t\t<\/div>\n\t\t","protected":false},"excerpt":{"rendered":"<p>Rendici\u00f3n de Cuentas A\u00f1o Fiscal 2023 Invitaci\u00f3n para la Rendici\u00f3n de Cuentas Rendici\u00f3n de Cuentas \u00a0CONFORMACI\u00d3N ET\u00a0 DELEGACI\u00d3N DE EQUIPO INVITACION RENDICION DE CUENTAS\u00a0 REGISTRO DE ASISTENCIA\u00a0 INFORME DE COMISI\u00d3N\u00a0 CONFORMACI\u00d3N EQUIPO T\u00c9CNICO INFORME RENDICI\u00d3N DE CUENTAS CONSULTAS Y PREGUNTAS \u00cdNFIMAS A\u00f1o 2022 INFORME RENDICI\u00d3N DE CUENTAS 2022 DP PRESIDENTE &#8211; Vocales del GADP Cumbe. [&hellip;]<\/p>\n","protected":false},"author":4,"featured_media":0,"parent":0,"menu_order":0,"comment_status":"closed","ping_status":"closed","template":"","meta":{"footnotes":""},"class_list":["post-2559","page","type-page","status-publish","hentry"],"_links":{"self":[{"href":"https:\/\/cumbe.gob.ec\/azuay\/wp-json\/wp\/v2\/pages\/2559","targetHints":{"allow":["GET"]}}],"collection":[{"href":"https:\/\/cumbe.gob.ec\/azuay\/wp-json\/wp\/v2\/pages"}],"about":[{"href":"https:\/\/cumbe.gob.ec\/azuay\/wp-json\/wp\/v2\/types\/page"}],"author":[{"embeddable":true,"href":"https:\/\/cumbe.gob.ec\/azuay\/wp-json\/wp\/v2\/users\/4"}],"replies":[{"embeddable":true,"href":"https:\/\/cumbe.gob.ec\/azuay\/wp-json\/wp\/v2\/comments?post=2559"}],"version-history":[{"count":2,"href":"https:\/\/cumbe.gob.ec\/azuay\/wp-json\/wp\/v2\/pages\/2559\/revisions"}],"predecessor-version":[{"id":3030,"href":"https:\/\/cumbe.gob.ec\/azuay\/wp-json\/wp\/v2\/pages\/2559\/revisions\/3030"}],"wp:attachment":[{"href":"https:\/\/cumbe.gob.ec\/azuay\/wp-json\/wp\/v2\/media?parent=2559"}],"curies":[{"name":"wp","href":"https:\/\/api.w.org\/{rel}","templated":true}]}}